{"id":615,"date":"2016-09-13T14:58:46","date_gmt":"2016-09-13T18:58:46","guid":{"rendered":"http:\/\/simon.wps.dev\/fr\/current-rates\/"},"modified":"2017-01-14T22:56:44","modified_gmt":"2017-01-15T03:56:44","slug":"current-rates","status":"publish","type":"page","link":"https:\/\/rimazino.com\/fr\/current-rates\/","title":{"rendered":"Nos Taux"},"content":{"rendered":"","protected":false},"excerpt":{"rendered":"<p>Nos taux sont toujours comp\u00e9titifs et nous sommes fiers de pouvoir vous offrir le taux qui vous est le plus profitable. Jetez un coup d\u2019\u0153il \u00e0 nos taux compar\u00e9s \u00e0 la concurrence.<\/p>\n","protected":false},"author":1,"featured_media":0,"parent":0,"menu_order":0,"comment_status":"closed","ping_status":"closed","template":"","meta":[],"yoast_head":"<!-- This site is optimized with the Yoast SEO plugin v17.1 - https:\/\/yoast.com\/wordpress\/plugins\/seo\/ -->\n<meta name=\"robots\" content=\"index, follow, max-snippet:-1, max-image-preview:large, max-video-preview:-1\" \/>\n<link rel=\"canonical\" href=\"https:\/\/rimazino.com\/fr\/current-rates\/\" \/>\n<meta property=\"og:locale\" content=\"fr_FR\" \/>\n<meta property=\"og:type\" content=\"article\" \/>\n<meta property=\"og:title\" content=\"Nos Taux - Centres Hypoth\u00e9caires Dominion\" \/>\n<meta property=\"og:description\" content=\"Nos taux sont toujours comp\u00e9titifs et nous sommes fiers de pouvoir vous offrir le taux qui vous est le plus profitable. Jetez un coup d\u2019\u0153il \u00e0 nos taux compar\u00e9s \u00e0 la concurrence.\" \/>\n<meta property=\"og:url\" content=\"https:\/\/rimazino.com\/fr\/current-rates\/\" \/>\n<meta property=\"og:site_name\" content=\"Centres Hypoth\u00e9caires Dominion\" \/>\n<meta property=\"article:modified_time\" content=\"2017-01-15T03:56:44+00:00\" \/>\n<meta name=\"twitter:card\" content=\"summary\" \/>\n<script type=\"application\/ld+json\" class=\"yoast-schema-graph\">{\"@context\":\"https:\/\/schema.org\",\"@graph\":[{\"@type\":\"WebSite\",\"@id\":\"https:\/\/rimazino.com\/fr\/#website\",\"url\":\"https:\/\/rimazino.com\/fr\/\",\"name\":\"Centres Hypoth\\u00e9caires Dominion\",\"description\":\"Just another WordPress site\",\"potentialAction\":[{\"@type\":\"SearchAction\",\"target\":{\"@type\":\"EntryPoint\",\"urlTemplate\":\"https:\/\/rimazino.com\/fr\/?s={search_term_string}\"},\"query-input\":\"required name=search_term_string\"}],\"inLanguage\":\"fr-FR\"},{\"@type\":\"WebPage\",\"@id\":\"https:\/\/rimazino.com\/fr\/current-rates\/#webpage\",\"url\":\"https:\/\/rimazino.com\/fr\/current-rates\/\",\"name\":\"Nos Taux - Centres Hypoth\\u00e9caires Dominion\",\"isPartOf\":{\"@id\":\"https:\/\/rimazino.com\/fr\/#website\"},\"datePublished\":\"2016-09-13T18:58:46+00:00\",\"dateModified\":\"2017-01-15T03:56:44+00:00\",\"breadcrumb\":{\"@id\":\"https:\/\/rimazino.com\/fr\/current-rates\/#breadcrumb\"},\"inLanguage\":\"fr-FR\",\"potentialAction\":[{\"@type\":\"ReadAction\",\"target\":[\"https:\/\/rimazino.com\/fr\/current-rates\/\"]}]},{\"@type\":\"BreadcrumbList\",\"@id\":\"https:\/\/rimazino.com\/fr\/current-rates\/#breadcrumb\",\"itemListElement\":[{\"@type\":\"ListItem\",\"position\":1,\"name\":\"Home\",\"item\":\"https:\/\/rimazino.com\/fr\/\"},{\"@type\":\"ListItem\",\"position\":2,\"name\":\"Nos Taux\"}]}]}<\/script>\n<!-- \/ Yoast SEO plugin. -->","yoast_head_json":{"robots":{"index":"index","follow":"follow","max-snippet":"max-snippet:-1","max-image-preview":"max-image-preview:large","max-video-preview":"max-video-preview:-1"},"canonical":"https:\/\/rimazino.com\/fr\/current-rates\/","og_locale":"fr_FR","og_type":"article","og_title":"Nos Taux - Centres Hypoth\u00e9caires Dominion","og_description":"Nos taux sont toujours comp\u00e9titifs et nous sommes fiers de pouvoir vous offrir le taux qui vous est le plus profitable. Jetez un coup d\u2019\u0153il \u00e0 nos taux compar\u00e9s \u00e0 la concurrence.","og_url":"https:\/\/rimazino.com\/fr\/current-rates\/","og_site_name":"Centres Hypoth\u00e9caires Dominion","article_modified_time":"2017-01-15T03:56:44+00:00","twitter_card":"summary","schema":{"@context":"https:\/\/schema.org","@graph":[{"@type":"WebSite","@id":"https:\/\/rimazino.com\/fr\/#website","url":"https:\/\/rimazino.com\/fr\/","name":"Centres Hypoth\u00e9caires Dominion","description":"Just another WordPress site","potentialAction":[{"@type":"SearchAction","target":{"@type":"EntryPoint","urlTemplate":"https:\/\/rimazino.com\/fr\/?s={search_term_string}"},"query-input":"required name=search_term_string"}],"inLanguage":"fr-FR"},{"@type":"WebPage","@id":"https:\/\/rimazino.com\/fr\/current-rates\/#webpage","url":"https:\/\/rimazino.com\/fr\/current-rates\/","name":"Nos Taux - Centres Hypoth\u00e9caires Dominion","isPartOf":{"@id":"https:\/\/rimazino.com\/fr\/#website"},"datePublished":"2016-09-13T18:58:46+00:00","dateModified":"2017-01-15T03:56:44+00:00","breadcrumb":{"@id":"https:\/\/rimazino.com\/fr\/current-rates\/#breadcrumb"},"inLanguage":"fr-FR","potentialAction":[{"@type":"ReadAction","target":["https:\/\/rimazino.com\/fr\/current-rates\/"]}]},{"@type":"BreadcrumbList","@id":"https:\/\/rimazino.com\/fr\/current-rates\/#breadcrumb","itemListElement":[{"@type":"ListItem","position":1,"name":"Home","item":"https:\/\/rimazino.com\/fr\/"},{"@type":"ListItem","position":2,"name":"Nos Taux"}]}]}},"_links":{"self":[{"href":"https:\/\/rimazino.com\/fr\/wp-json\/wp\/v2\/pages\/615"}],"collection":[{"href":"https:\/\/rimazino.com\/fr\/wp-json\/wp\/v2\/pages"}],"about":[{"href":"https:\/\/rimazino.com\/fr\/wp-json\/wp\/v2\/types\/page"}],"author":[{"embeddable":true,"href":"https:\/\/rimazino.com\/fr\/wp-json\/wp\/v2\/users\/1"}],"replies":[{"embeddable":true,"href":"https:\/\/rimazino.com\/fr\/wp-json\/wp\/v2\/comments?post=615"}],"version-history":[{"count":2,"href":"https:\/\/rimazino.com\/fr\/wp-json\/wp\/v2\/pages\/615\/revisions"}],"predecessor-version":[{"id":914,"href":"https:\/\/rimazino.com\/fr\/wp-json\/wp\/v2\/pages\/615\/revisions\/914"}],"wp:attachment":[{"href":"https:\/\/rimazino.com\/fr\/wp-json\/wp\/v2\/media?parent=615"}],"curies":[{"name":"wp","href":"https:\/\/api.w.org\/{rel}","templated":true}]}}